{"id":865,"date":"2025-05-13T06:07:44","date_gmt":"2025-05-13T06:07:44","guid":{"rendered":"https:\/\/bstextract.com\/?post_type=product&#038;p=865"},"modified":"2025-07-24T01:19:22","modified_gmt":"2025-07-24T01:19:22","slug":"melancia-em-po","status":"publish","type":"product","link":"https:\/\/bstextract.com\/pt\/produto\/melancia-em-po\/","title":{"rendered":"Melancia em p\u00f3"},"content":{"rendered":"<p><!-- Keyword Section (Outside Article) --><\/p>\n<p><!-- Product Content --><\/p>\n<p>Como l\u00edder <b>fabricante<\/b> de fruta em p\u00f3 de qualidade superior, <b>BSTBIO<\/b> orgulha-se de oferecer a nossa melancia biol\u00f3gica liofilizada em p\u00f3. Captamos a ess\u00eancia das melancias biol\u00f3gicas amadurecidas ao sol no seu auge, utilizando um processo avan\u00e7ado de liofiliza\u00e7\u00e3o para manter o sabor aut\u00eantico, a cor rosa vibrante e os nutrientes valiosos. Este m\u00e9todo garante que recebe um produto com uma qualidade superior em compara\u00e7\u00e3o com os p\u00f3s secos por pulveriza\u00e7\u00e3o normais.<\/p>\n<ul>\n<li><b>Qualidade superior liofilizada:<\/b> Ao contr\u00e1rio da secagem por pulveriza\u00e7\u00e3o, a nossa t\u00e9cnica de liofiliza\u00e7\u00e3o remove a \u00e1gua a baixas temperaturas, preservando perfeitamente o sabor natural, o aroma e o perfil nutricional da melancia fresca.<\/li>\n<li><b>Fonte org\u00e2nica certificada:<\/b> Produzido a partir de melancias biol\u00f3gicas com certifica\u00e7\u00e3o 100%, o nosso p\u00f3 \u00e9 a escolha ideal para produtos de r\u00f3tulo limpo. N\u00e3o cont\u00e9m a\u00e7\u00facares adicionados, agentes de transporte ou aditivos artificiais.<\/li>\n<li><b>Sabor e Aroma aut\u00eanticos:<\/b> Adicione instantaneamente o sabor refrescante e doce da melancia de ver\u00e3o aos seus produtos. \u00c9 um fant\u00e1stico agente aromatizante e corante natural.<\/li>\n<li><b>Optimizado para mistura:<\/b> Com um tamanho de part\u00edcula uniforme de 40-60 mesh, este p\u00f3 dispersa-se facilmente em misturas h\u00famidas e secas, garantindo sempre um produto consistente.<\/li>\n<li><b>Aplica\u00e7\u00f5es vers\u00e1teis:<\/b> O ingrediente perfeito para uma vasta gama de produtos:\n<ul>\n<li>Suplementos nutricionais e misturas de prote\u00ednas<\/li>\n<li>Smoothies, sumos e misturas para bebidas<\/li>\n<li>Iogurtes, sorvetes e sobremesas<\/li>\n<li>Pastelaria, confeitaria e corantes alimentares naturais<\/li>\n<\/ul>\n<\/li>\n<\/ul>\n<p>Escolher <b>BSTBIO<\/b> como seu parceiro de confian\u00e7a <b>fornecedor<\/b> para p\u00f3s de fruta biol\u00f3gica de elevada pureza que ir\u00e3o elevar a sua marca.<\/p>","protected":false},"excerpt":{"rendered":"<ul>\n<li><b>Liofilizado Frescura:<\/b> Conserva o sabor aut\u00eantico e os nutrientes da melancia fresca e biol\u00f3gica.<\/li>\n<li><b>100% Certificado como biol\u00f3gico:<\/b> P\u00f3 de r\u00f3tulo limpo, sem adi\u00e7\u00e3o de a\u00e7\u00facar, agentes de transporte ou conservantes.<\/li>\n<li><b>Cor-de-rosa vibrante:<\/b> Um corante bonito e totalmente natural para alimentos e bebidas.<\/li>\n<li><b>Excelente dispersibilidade:<\/b> Malha uniforme de 40-60 mesh para facilitar a mistura e a homogeneiza\u00e7\u00e3o.<\/li>\n<li><b>Qualidade por BSTBIO:<\/b> A sua fonte fi\u00e1vel de ingredientes de fruta naturais e de qualidade superior.<\/li>\n<\/ul>","protected":false},"featured_media":866,"comment_status":"open","ping_status":"closed","template":"","meta":{"_acf_changed":false},"product_brand":[],"product_cat":[20,49],"product_tag":[],"class_list":{"0":"post-865","1":"product","2":"type-product","3":"status-publish","4":"has-post-thumbnail","6":"product_cat-superfoods-fruit-vegetable-powder","7":"product_cat-hot-product","9":"first","10":"instock","11":"shipping-taxable","12":"product-type-simple"},"acf":[],"_links":{"self":[{"href":"https:\/\/bstextract.com\/pt\/wp-json\/wp\/v2\/product\/865","targetHints":{"allow":["GET"]}}],"collection":[{"href":"https:\/\/bstextract.com\/pt\/wp-json\/wp\/v2\/product"}],"about":[{"href":"https:\/\/bstextract.com\/pt\/wp-json\/wp\/v2\/types\/product"}],"replies":[{"embeddable":true,"href":"https:\/\/bstextract.com\/pt\/wp-json\/wp\/v2\/comments?post=865"}],"wp:featuredmedia":[{"embeddable":true,"href":"https:\/\/bstextract.com\/pt\/wp-json\/wp\/v2\/media\/866"}],"wp:attachment":[{"href":"https:\/\/bstextract.com\/pt\/wp-json\/wp\/v2\/media?parent=865"}],"wp:term":[{"taxonomy":"product_brand","embeddable":true,"href":"https:\/\/bstextract.com\/pt\/wp-json\/wp\/v2\/product_brand?post=865"},{"taxonomy":"product_cat","embeddable":true,"href":"https:\/\/bstextract.com\/pt\/wp-json\/wp\/v2\/product_cat?post=865"},{"taxonomy":"product_tag","embeddable":true,"href":"https:\/\/bstextract.com\/pt\/wp-json\/wp\/v2\/product_tag?post=865"}],"curies":[{"name":"wp","href":"https:\/\/api.w.org\/{rel}","templated":true}]}}