{"id":872,"date":"2025-05-13T06:28:04","date_gmt":"2025-05-13T06:28:04","guid":{"rendered":"https:\/\/bstextract.com\/?post_type=product&#038;p=872"},"modified":"2025-07-17T06:21:07","modified_gmt":"2025-07-17T06:21:07","slug":"po-de-morango","status":"publish","type":"product","link":"https:\/\/bstextract.com\/pt\/produto\/po-de-morango\/","title":{"rendered":"Morango liofilizado em p\u00f3"},"content":{"rendered":"<p>Ao contr\u00e1rio dos p\u00f3s secos por pulveriza\u00e7\u00e3o, o nosso processo de liofiliza\u00e7\u00e3o mant\u00e9m o <strong>vitamina C natural, antioxidantes e polifen\u00f3is<\/strong> intacto, tornando-o um ingrediente de primeira qualidade para **alimentos funcionais, snacks saud\u00e1veis e suplementos diet\u00e9ticos**. Estudos sobre <a href=\"https:\/\/www.ncbi.nlm.nih.gov\/pmc\/articles\/PMC3074474\/\" target=\"_blank\" rel=\"nofollow noopener\">PubMed<\/a> salientar que os morangos s\u00e3o ricos em <strong>antocianinas e \u00e1cido el\u00e1gico<\/strong>que pode ajudar a apoiar a sa\u00fade do cora\u00e7\u00e3o e a atividade antioxidante.<br \/>\nDe acordo com <a href=\"https:\/\/www.webmd.com\/diet\/health-benefits-strawberries\" target=\"_blank\" rel=\"nofollow noopener\">WebMD<\/a>Os morangos s\u00e3o uma \u00f3ptima fonte de vitamina C, mangan\u00eas e fibra alimentar, o que os torna uma adi\u00e7\u00e3o valiosa \u00e0 alimenta\u00e7\u00e3o di\u00e1ria.<\/p>\n<p>BSTBIO \u00e9 um <strong>F\u00e1brica e exportador com certifica\u00e7\u00e3o GMP<\/strong> especializada em p\u00f3s de fruta e vegetais de alta qualidade para as ind\u00fastrias alimentar, de bebidas e nutrac\u00eautica. Os nossos <strong>Morango liofilizado em p\u00f3<\/strong> \u00e9 feito a partir de morangos frescos e maduros, utilizando <em>tecnologia de liofiliza\u00e7\u00e3o a baixa temperatura<\/em> para reter o m\u00e1ximo de sabor, nutrientes e cor natural.<\/p>\n<p>Ao abastecer-se diretamente na nossa **f\u00e1brica com certifica\u00e7\u00e3o biol\u00f3gica**, obt\u00e9m <strong>qualidade est\u00e1vel, pre\u00e7os por grosso competitivos e envio global fi\u00e1vel<\/strong>. Todos os produtos cumprem <strong>Normas USDA Organic, EU Organic, HALAL, KOSHER e ISO22000<\/strong>A empresa \u00e9 respons\u00e1vel por garantir a seguran\u00e7a e a conformidade nos mercados internacionais.<\/p>\n<h2>Aplica\u00e7\u00f5es do p\u00f3 de morango liofilizado<\/h2>\n<ul>\n<li><strong>Bebidas e batidos<\/strong> - Ideal para <em>bebidas instant\u00e2neas, batidos e smoothies saud\u00e1veis<\/em>.<\/li>\n<li><strong>Padaria e Confeitaria<\/strong> - Cor e sabor naturais para <em>bolos, biscoitos, sobremesas e chocolates<\/em>.<\/li>\n<li><strong>Alimentos funcionais e nutrac\u00eauticos<\/strong> - Adicionado como um natural <em>vitamina C e fonte de antioxidantes<\/em>.<\/li>\n<li><strong>Snacks e cereais saud\u00e1veis<\/strong> - Perfeito para <em>granola, mistura para trilhos e barras de cereais<\/em>.<\/li>\n<li><strong>Alimentos para beb\u00e9s e crian\u00e7as pequenas<\/strong> - Seguro e nutritivo, fabricado a partir de morangos puros 100% sem aditivos.<\/li>\n<\/ul>\n<p>Investiga\u00e7\u00e3o do <a href=\"https:\/\/www.ncbi.nlm.nih.gov\/pmc\/articles\/PMC7697461\/\" target=\"_blank\" rel=\"nofollow noopener\">NIH<\/a> confirma que os polifen\u00f3is do morango contribuem para <a href=\"https:\/\/www.ncbi.nlm.nih.gov\/pmc\/articles\/PMC7697461\/\" target=\"_blank\" rel=\"noopener\"><strong>benef\u00edcios para a sa\u00fade cardiovascular e anti-inflamat\u00f3rios<\/strong><\/a>tornando este p\u00f3 num ingrediente funcional de superalimento.<\/p>","protected":false},"excerpt":{"rendered":"<p><strong>Nome do produto:<\/strong> Morango liofilizado em p\u00f3<br \/>\n<strong>M\u00e9todo de secagem:<\/strong> Tecnologia de liofiliza\u00e7\u00e3o<br \/>\n<strong>Apar\u00eancia:<\/strong> P\u00f3 fino vermelho escuro<br \/>\n<strong>Tamanho das part\u00edculas:<\/strong> 40Mesh-60Mesh<br \/>\n<strong>Pe\u00e7a utilizada:<\/strong> Frutos inteiros<br \/>\n<strong>Certificados:<\/strong> KOSHER, HALAL, HACCP, ISO22000, USDA Organic, EU Organic<br \/>\n<strong>Prazo de validade:<\/strong> 24 meses quando corretamente armazenado<\/p>","protected":false},"featured_media":873,"comment_status":"open","ping_status":"closed","template":"","meta":{"_acf_changed":false},"product_brand":[],"product_cat":[20,49],"product_tag":[],"class_list":{"0":"post-872","1":"product","2":"type-product","3":"status-publish","4":"has-post-thumbnail","6":"product_cat-superfoods-fruit-vegetable-powder","7":"product_cat-hot-product","9":"first","10":"instock","11":"shipping-taxable","12":"product-type-simple"},"acf":[],"_links":{"self":[{"href":"https:\/\/bstextract.com\/pt\/wp-json\/wp\/v2\/product\/872","targetHints":{"allow":["GET"]}}],"collection":[{"href":"https:\/\/bstextract.com\/pt\/wp-json\/wp\/v2\/product"}],"about":[{"href":"https:\/\/bstextract.com\/pt\/wp-json\/wp\/v2\/types\/product"}],"replies":[{"embeddable":true,"href":"https:\/\/bstextract.com\/pt\/wp-json\/wp\/v2\/comments?post=872"}],"wp:featuredmedia":[{"embeddable":true,"href":"https:\/\/bstextract.com\/pt\/wp-json\/wp\/v2\/media\/873"}],"wp:attachment":[{"href":"https:\/\/bstextract.com\/pt\/wp-json\/wp\/v2\/media?parent=872"}],"wp:term":[{"taxonomy":"product_brand","embeddable":true,"href":"https:\/\/bstextract.com\/pt\/wp-json\/wp\/v2\/product_brand?post=872"},{"taxonomy":"product_cat","embeddable":true,"href":"https:\/\/bstextract.com\/pt\/wp-json\/wp\/v2\/product_cat?post=872"},{"taxonomy":"product_tag","embeddable":true,"href":"https:\/\/bstextract.com\/pt\/wp-json\/wp\/v2\/product_tag?post=872"}],"curies":[{"name":"wp","href":"https:\/\/api.w.org\/{rel}","templated":true}]}}