{"id":891,"date":"2025-05-14T01:17:56","date_gmt":"2025-05-14T01:17:56","guid":{"rendered":"https:\/\/bstextract.com\/?post_type=product&#038;p=891"},"modified":"2025-06-09T02:37:07","modified_gmt":"2025-06-09T02:37:07","slug":"proteina-de-ervilha","status":"publish","type":"product","link":"https:\/\/bstextract.com\/pt\/produto\/proteina-de-ervilha\/","title":{"rendered":"Prote\u00edna de ervilha biol\u00f3gica em p\u00f3"},"content":{"rendered":"<p><!-- Keyword Section (Outside Article) --><\/p>\n<h2>O que \u00e9 a prote\u00edna de ervilha?<\/h2>\n<p><strong>Prote\u00edna de ervilha<\/strong> \u00e9 uma prote\u00edna vegetal de alta qualidade, extra\u00edda principalmente de ervilhas amarelas. \u00c9 rica em amino\u00e1cidos essenciais, especialmente amino\u00e1cidos de cadeia ramificada (BCAA), o que a torna uma alternativa ideal \u00e0s prote\u00ednas de origem animal, como o soro de leite e a case\u00edna. A Prote\u00edna de Ervilha \u00e9 naturalmente <strong>sem gl\u00faten, sem lactic\u00ednios e hipoalerg\u00e9nico<\/strong>o que o torna adequado para uma vasta gama de necessidades diet\u00e9ticas e estilos de vida.<\/p>\n<p><img fetchpriority=\"high\" decoding=\"async\" class=\"aligncenter wp-image-1361\" src=\"https:\/\/bstextract.com\/wp-content\/uploads\/2025\/05\/10001-2-1.webp\" alt=\"Prote\u00edna de ervilha biol\u00f3gica em p\u00f3\" width=\"1024\" height=\"575\" title=\"\" srcset=\"https:\/\/bstextract.com\/wp-content\/uploads\/2025\/05\/10001-2-1.webp 1296w, https:\/\/bstextract.com\/wp-content\/uploads\/2025\/05\/10001-2-1-300x169.webp 300w, https:\/\/bstextract.com\/wp-content\/uploads\/2025\/05\/10001-2-1-1024x575.webp 1024w, https:\/\/bstextract.com\/wp-content\/uploads\/2025\/05\/10001-2-1-768x431.webp 768w, https:\/\/bstextract.com\/wp-content\/uploads\/2025\/05\/10001-2-1-18x10.webp 18w, https:\/\/bstextract.com\/wp-content\/uploads\/2025\/05\/10001-2-1-600x337.webp 600w\" sizes=\"(max-width: 1024px) 100vw, 1024px\" \/><\/p>\n<p>Esta prote\u00edna em p\u00f3 est\u00e1 normalmente dispon\u00edvel nas formas concentrada ou isolada, com at\u00e9 <strong>85-90% teor proteico<\/strong>. Tem um sabor neutro, textura suave e excelente solubilidade - perfeito para utiliza\u00e7\u00e3o em alimentos funcionais, bebidas e suplementos nutricionais.<\/p>\n<h2>Par\u00e2metro<\/h2>\n<table>\n<tbody>\n<tr>\n<td colspan=\"1\" rowspan=\"1\">\n<div>\n<div><b>Nome do produto<\/b><\/div>\n<\/div>\n<\/td>\n<td colspan=\"1\" rowspan=\"1\">\n<div>\n<div>Prote\u00edna de ervilha<\/div>\n<\/div>\n<\/td>\n<\/tr>\n<tr>\n<td colspan=\"1\" rowspan=\"1\">\n<div>\n<div><b>Fonte<\/b><\/div>\n<\/div>\n<\/td>\n<td colspan=\"1\" rowspan=\"1\">\n<div>\n<div>Extrato de ervilha<\/div>\n<div>Extrato de rebentos de ervilha Pisum Sativum<\/div>\n<\/div>\n<\/td>\n<\/tr>\n<tr>\n<td colspan=\"1\" rowspan=\"1\">\n<div>\n<div><b>Apar\u00eancia<\/b><\/div>\n<\/div>\n<\/td>\n<td colspan=\"1\" rowspan=\"1\">\n<div>\n<div>P\u00f3 amarelo claro<\/div>\n<\/div>\n<\/td>\n<\/tr>\n<tr>\n<td colspan=\"1\" rowspan=\"1\">\n<div>\n<div><b>Ingrediente ativo<\/b><\/div>\n<\/div>\n<\/td>\n<td colspan=\"1\" rowspan=\"1\">\n<div>\n<div>Prote\u00edna<\/div>\n<\/div>\n<\/td>\n<\/tr>\n<tr>\n<td colspan=\"1\" rowspan=\"1\">\n<div>\n<div><b>Especifica\u00e7\u00e3o do produto<\/b><\/div>\n<\/div>\n<\/td>\n<td colspan=\"1\" rowspan=\"1\">\n<div>\n<div>80% 90%<\/div>\n<\/div>\n<\/td>\n<\/tr>\n<tr>\n<td colspan=\"1\" rowspan=\"1\">\n<div>\n<div><b>Embalagem<\/b><\/div>\n<\/div>\n<\/td>\n<td colspan=\"1\" rowspan=\"1\">\n<div>\n<div>1kg\/saco\/caixa ou 25 kg\/tambor ou caixa ou a pedido do cliente<\/div>\n<\/div>\n<\/td>\n<\/tr>\n<tr>\n<td colspan=\"1\" rowspan=\"1\">\n<div>\n<div><b>Amostra<\/b><\/div>\n<\/div>\n<\/td>\n<td colspan=\"1\" rowspan=\"1\">\n<div>\n<div>Fornecido gratuitamente<\/div>\n<\/div>\n<\/td>\n<\/tr>\n<tr>\n<td colspan=\"1\" rowspan=\"1\">\n<div>\n<div><b>Prazo de validade<\/b><\/div>\n<\/div>\n<\/td>\n<td colspan=\"1\" rowspan=\"1\">\n<div>\n<div>24 meses quando corretamente armazenado<\/div>\n<\/div>\n<\/td>\n<\/tr>\n<tr>\n<td colspan=\"1\" rowspan=\"1\">\n<div>\n<div><b>Armazenamento<\/b><\/div>\n<\/div>\n<\/td>\n<td colspan=\"1\" rowspan=\"1\">\n<div>\n<div>Armazenar em recipientes estanques e resistentes \u00e0 luz, evitar a exposi\u00e7\u00e3o \u00e0 luz solar direta, humidade e calor excessivo.<\/div>\n<\/div>\n<\/td>\n<\/tr>\n<tr>\n<td colspan=\"1\" rowspan=\"1\">\n<div>\n<div><b>Certificado<\/b><\/div>\n<\/div>\n<\/td>\n<td colspan=\"1\" rowspan=\"1\">\n<div>\n<div>KOSHER\/HACCP\/ISO22000\/HALAL\/EU\/USDA\/Org\u00e2nico<\/div>\n<\/div>\n<\/td>\n<\/tr>\n<\/tbody>\n<\/table>\n<h2>Aplica\u00e7\u00f5es da prote\u00edna de ervilha<\/h2>\n<p>A Prote\u00edna de Ervilha \u00e9 amplamente utilizada na <strong>ind\u00fastrias de nutri\u00e7\u00e3o desportiva, alimentos funcionais, substitutos de refei\u00e7\u00e3o e produtos \u00e0 base de plantas<\/strong>. A sua elevada digestibilidade e o perfil de amino\u00e1cidos de suporte muscular fazem dela uma escolha de topo para batidos de prote\u00ednas, barras, p\u00f3s e smoothies destinados a entusiastas do fitness e atletas.<\/p>\n<p>No fabrico de alimentos, serve como uma fonte de prote\u00edna nutritiva e sustent\u00e1vel em <strong>alternativas \u00e0 carne, bebidas sem lactic\u00ednios, produtos de pastelaria e snacks veganos<\/strong>. Gra\u00e7as ao seu perfil livre de alerg\u00e9nios, a Prote\u00edna de Ervilha \u00e9 tamb\u00e9m preferida na nutri\u00e7\u00e3o infantil, em produtos para idosos e em formula\u00e7\u00f5es de nutri\u00e7\u00e3o m\u00e9dica. Mistura-se facilmente e fornece uma solu\u00e7\u00e3o proteica completa sem alerg\u00e9nios comuns como a soja, os lactic\u00ednios ou o gl\u00faten.<\/p>\n<h2>Perguntas mais frequentes<\/h2>\n<p><strong>A Pea Protein \u00e9 uma prote\u00edna completa?<\/strong><br \/>\nSim, cont\u00e9m todos os nove amino\u00e1cidos essenciais, embora seja ligeiramente inferior em metionina. \u00c9 frequentemente associada \u00e0 prote\u00edna de arroz para um perfil de amino\u00e1cidos equilibrado.<\/p>\n<p><strong>Qual \u00e9 o teor proteico t\u00edpico?<\/strong><br \/>\nO isolado de prote\u00edna de ervilha pode fornecer <strong>Prote\u00edna 85-90%<\/strong> por 100g, consoante o m\u00e9todo de transforma\u00e7\u00e3o.<\/p>\n<p><strong>A Pea Protein \u00e9 adequada para pessoas com alergias?<\/strong><br \/>\nSim, \u00e9 <strong>hipoalerg\u00e9nico<\/strong> e isento de lactic\u00ednios, soja, gl\u00faten e frutos secos, o que o torna ideal para consumidores sens\u00edveis.<\/p>\n<p><strong>Pode ser utilizado em bebidas?<\/strong><br \/>\nAbsolutamente. Tem uma boa solubilidade e um sabor neutro, o que o torna ideal para bebidas proteicas, batidos e misturas em p\u00f3.<\/p>\n<p><strong>A Prote\u00edna de Ervilha n\u00e3o \u00e9 OGM e \u00e9 vegan?<\/strong><br \/>\nSim, a prote\u00edna de ervilha de alta qualidade \u00e9 <strong>n\u00e3o OGM, vegan e sem crueldade<\/strong>, cumprindo as normas de etiqueta limpa e de abastecimento \u00e9tico.<\/p>\n<p><strong>Como deve ser armazenada a Pea Protein?<\/strong><br \/>\nConservar num local fresco e seco, num recipiente herm\u00e9tico, para manter a frescura e evitar a absor\u00e7\u00e3o de humidade.<\/p>\n<h2>Sobre a Xi'an Best Bio-Tech Co., Ltd.<\/h2>\n<p><strong>Xi'an Best Bio-Tech Co., Ltd.<\/strong> dedica-se \u00e0 investiga\u00e7\u00e3o, desenvolvimento e com\u00e9rcio global de extractos de ervas naturais de alta qualidade. Com uma equipa apaixonada e experiente, oferecemos apoio ao cliente 24 horas por dia, 7 dias por semana, e esfor\u00e7amo-nos por oferecer pre\u00e7os competitivos, qualidade est\u00e1vel e um servi\u00e7o atencioso a clientes em mais de 60 pa\u00edses.<\/p>\n<p>A nossa f\u00e1brica est\u00e1 localizada em Yangling, o maior centro de produ\u00e7\u00e3o e distribui\u00e7\u00e3o de extractos de plantas da China. Equipada com instrumentos de teste avan\u00e7ados e v\u00e1rias linhas de produ\u00e7\u00e3o automatizadas em conformidade com as BPF, asseguramos um controlo de qualidade rigoroso desde as mat\u00e9rias-primas at\u00e9 aos produtos finais. As nossas certifica\u00e7\u00f5es incluem <strong>Kosher, Halal, ISO9001 e USFDA<\/strong>.<\/p>\n<p>Os nossos principais produtos incluem <strong>extractos de cogumelos, ingredientes para suplementos de sa\u00fade, extractos de ervas para cosm\u00e9tica e p\u00f3s de frutas e vegetais<\/strong>. Estamos empenhados em fornecer solu\u00e7\u00f5es seguras, eficazes e personalizadas para ajudar os clientes em todo o mundo a promover uma vida saud\u00e1vel.<\/p>","protected":false},"excerpt":{"rendered":"<table>\n<tbody>\n<tr>\n<td colspan=\"1\" rowspan=\"1\">\n<div>\n<div><b>Fonte<\/b><\/div>\n<\/div>\n<\/td>\n<td colspan=\"1\" rowspan=\"1\">\n<div>\n<div>Extrato de ervilha<\/div>\n<div>Extrato de rebentos de ervilha Pisum Sativum<\/div>\n<\/div>\n<\/td>\n<\/tr>\n<tr>\n<td colspan=\"1\" rowspan=\"1\">\n<div>\n<div><b>Apar\u00eancia<\/b><\/div>\n<\/div>\n<\/td>\n<td colspan=\"1\" rowspan=\"1\">\n<div>\n<div>P\u00f3 amarelo claro<\/div>\n<\/div>\n<\/td>\n<\/tr>\n<tr>\n<td colspan=\"1\" rowspan=\"1\">\n<div>\n<div><b>Ingrediente ativo<\/b><\/div>\n<\/div>\n<\/td>\n<td colspan=\"1\" rowspan=\"1\">\n<div>\n<div>Prote\u00edna<\/div>\n<\/div>\n<\/td>\n<\/tr>\n<tr>\n<td colspan=\"1\" rowspan=\"1\">\n<div>\n<div><b>Especifica\u00e7\u00e3o do produto<\/b><\/div>\n<\/div>\n<\/td>\n<td colspan=\"1\" rowspan=\"1\">\n<div>\n<div>80% 90%<\/div>\n<\/div>\n<\/td>\n<\/tr>\n<\/tbody>\n<\/table>","protected":false},"featured_media":892,"comment_status":"open","ping_status":"closed","template":"","meta":{"_acf_changed":false},"product_brand":[],"product_cat":[15],"product_tag":[],"class_list":{"0":"post-891","1":"product","2":"type-product","3":"status-publish","4":"has-post-thumbnail","6":"product_cat-dietary-supplements","8":"first","9":"instock","10":"shipping-taxable","11":"product-type-simple"},"acf":[],"_links":{"self":[{"href":"https:\/\/bstextract.com\/pt\/wp-json\/wp\/v2\/product\/891","targetHints":{"allow":["GET"]}}],"collection":[{"href":"https:\/\/bstextract.com\/pt\/wp-json\/wp\/v2\/product"}],"about":[{"href":"https:\/\/bstextract.com\/pt\/wp-json\/wp\/v2\/types\/product"}],"replies":[{"embeddable":true,"href":"https:\/\/bstextract.com\/pt\/wp-json\/wp\/v2\/comments?post=891"}],"wp:featuredmedia":[{"embeddable":true,"href":"https:\/\/bstextract.com\/pt\/wp-json\/wp\/v2\/media\/892"}],"wp:attachment":[{"href":"https:\/\/bstextract.com\/pt\/wp-json\/wp\/v2\/media?parent=891"}],"wp:term":[{"taxonomy":"product_brand","embeddable":true,"href":"https:\/\/bstextract.com\/pt\/wp-json\/wp\/v2\/product_brand?post=891"},{"taxonomy":"product_cat","embeddable":true,"href":"https:\/\/bstextract.com\/pt\/wp-json\/wp\/v2\/product_cat?post=891"},{"taxonomy":"product_tag","embeddable":true,"href":"https:\/\/bstextract.com\/pt\/wp-json\/wp\/v2\/product_tag?post=891"}],"curies":[{"name":"wp","href":"https:\/\/api.w.org\/{rel}","templated":true}]}}