{"id":966,"date":"2025-05-19T02:08:57","date_gmt":"2025-05-19T02:08:57","guid":{"rendered":"https:\/\/bstextract.com\/?post_type=product&#038;p=966"},"modified":"2025-05-19T02:10:50","modified_gmt":"2025-05-19T02:10:50","slug":"cristal-de-mentol","status":"publish","type":"product","link":"https:\/\/bstextract.com\/pt\/produto\/cristal-de-mentol\/","title":{"rendered":"Cristal de mentol"},"content":{"rendered":"<p><!-- Keyword Section (Outside Article) --><\/p>\n<p><!-- Product Content --><\/p>\n<h2>O que \u00e9 o Menthol Crystal?<\/h2>\n<p><strong>Cristal de mentol<\/strong> \u00e9 uma forma s\u00f3lida e purificada de mentol natural derivado do \u00f3leo de hortel\u00e3-pimenta atrav\u00e9s de um processo de arrefecimento e cristaliza\u00e7\u00e3o. Estes cristais incolores a brancos em forma de agulha s\u00e3o conhecidos pela sua intensa sensa\u00e7\u00e3o de arrefecimento e pelo seu distinto aroma a menta. Os nossos cristais de mentol s\u00e3o obtidos a partir de <strong>100% \u00f3leo de hortel\u00e3-pimenta natural<\/strong> e est\u00e3o dispon\u00edveis nos graus farmac\u00eautico e alimentar, cumprindo as normas de qualidade internacionais.<\/p>\n<p>Amplamente reconhecido pela sua <strong>propriedades analg\u00e9sicas, antibacterianas e arom\u00e1ticas<\/strong>Os cristais de mentol s\u00e3o utilizados numa vasta gama de produtos, incluindo medicamentos, cosm\u00e9ticos, aromatizantes alimentares e artigos de cuidados pessoais. Dissolvem-se facilmente em \u00e1lcool e \u00f3leos essenciais, tornando-os um ingrediente flex\u00edvel em aplica\u00e7\u00f5es industriais e de consumo.<\/p>\n<h2>Par\u00e2metro<\/h2>\n<table>\n<tbody>\n<tr>\n<td colspan=\"1\" rowspan=\"1\">\n<div>\n<div><b>Nome do produto<\/b><\/div>\n<\/div>\n<\/td>\n<td colspan=\"1\" rowspan=\"1\">\n<div>\n<div>Cristal de mentol<\/div>\n<\/div>\n<\/td>\n<\/tr>\n<tr>\n<td colspan=\"1\" rowspan=\"1\">\n<div>\n<div><b>Outro nome<\/b><\/div>\n<\/div>\n<\/td>\n<td colspan=\"1\" rowspan=\"1\">\n<div>\n<div>Cristal de Menta Mentol<\/div>\n<div>DL Menthol Crystal<\/div>\n<\/div>\n<\/td>\n<\/tr>\n<tr>\n<td colspan=\"1\" rowspan=\"1\">\n<div>\n<div><b>Fonte<\/b><\/div>\n<\/div>\n<\/td>\n<td colspan=\"1\" rowspan=\"1\">\n<div>\n<div>Extrato de menta<\/div>\n<\/div>\n<\/td>\n<\/tr>\n<tr>\n<td colspan=\"1\" rowspan=\"1\">\n<div>\n<div><b>Apar\u00eancia<\/b><\/div>\n<\/div>\n<\/td>\n<td colspan=\"1\" rowspan=\"1\">\n<div>\n<div>Cristal incolor, transparente, prism\u00e1tico ou acicular<\/div>\n<\/div>\n<\/td>\n<\/tr>\n<tr>\n<td colspan=\"1\" rowspan=\"1\">\n<div>\n<div><b>Especifica\u00e7\u00e3o do produto<\/b><\/div>\n<\/div>\n<\/td>\n<td colspan=\"1\" rowspan=\"1\">\n<div>\n<div>99% M\u00ednimo<\/div>\n<\/div>\n<\/td>\n<\/tr>\n<tr>\n<td colspan=\"1\" rowspan=\"1\">\n<div>\n<div><b>Embalagem<\/b><\/div>\n<\/div>\n<\/td>\n<td colspan=\"1\" rowspan=\"1\">\n<div>\n<div>1kg\/saco\/caixa ou 25 kg\/tambor ou caixa ou a pedido do cliente<\/div>\n<\/div>\n<\/td>\n<\/tr>\n<tr>\n<td colspan=\"1\" rowspan=\"1\">\n<div>\n<div><b>Amostra<\/b><\/div>\n<\/div>\n<\/td>\n<td colspan=\"1\" rowspan=\"1\">\n<div>\n<div>Amostras gr\u00e1tis<\/div>\n<\/div>\n<\/td>\n<\/tr>\n<tr>\n<td colspan=\"1\" rowspan=\"1\">\n<div>\n<div><b>Prazo de validade<\/b><\/div>\n<\/div>\n<\/td>\n<td colspan=\"1\" rowspan=\"1\">\n<div>\n<div>24 meses quando corretamente armazenado<\/div>\n<\/div>\n<\/td>\n<\/tr>\n<tr>\n<td colspan=\"1\" rowspan=\"1\">\n<div>\n<div><b>Armazenamento<\/b><\/div>\n<\/div>\n<\/td>\n<td colspan=\"1\" rowspan=\"1\">\n<div>\n<div>Armazenar em recipientes estanques e resistentes \u00e0 luz, evitar a exposi\u00e7\u00e3o \u00e0 luz solar direta, humidade e calor excessivo.<\/div>\n<\/div>\n<\/td>\n<\/tr>\n<tr>\n<td colspan=\"1\" rowspan=\"1\">\n<div>\n<div><b>Certificado<\/b><\/div>\n<\/div>\n<\/td>\n<td colspan=\"1\" rowspan=\"1\">\n<div>\n<div>KOSHER\/HACCP\/ISO22000\/HALAL\/EU\/USDA\/Org\u00e2nico<\/div>\n<\/div>\n<\/td>\n<\/tr>\n<tr>\n<td colspan=\"1\" rowspan=\"1\">\n<div>\n<div><b>OEM\/ODM<\/b><\/div>\n<\/div>\n<\/td>\n<td colspan=\"1\" rowspan=\"1\">\n<div>\n<div>Avali\u00e1vel<\/div>\n<\/div>\n<\/td>\n<\/tr>\n<\/tbody>\n<\/table>\n<h2>Aplica\u00e7\u00f5es do Cristal de Mentol<\/h2>\n<p>Os Cristais de Mentol s\u00e3o altamente vers\u00e1teis e valorizados em todo o mundo. <strong>ind\u00fastrias farmac\u00eautica, cosm\u00e9tica, alimentar e de aromaterapia<\/strong>. Nos produtos farmac\u00eauticos, s\u00e3o utilizados em <strong>b\u00e1lsamos, pomadas, pastilhas para a garganta, inaladores nasais e g\u00e9is analg\u00e9sicos<\/strong> pelos seus efeitos refrescantes, calmantes e descongestionantes. As suas propriedades refrescantes ajudam a aliviar pequenas dores, comich\u00e3o, dores de garganta e desconforto sinusal.<\/p>\n<p><img fetchpriority=\"high\" decoding=\"async\" class=\"size-full wp-image-969 aligncenter\" src=\"https:\/\/bstextract.com\/wp-content\/uploads\/2025\/05\/3-6.png\" alt=\"\" width=\"800\" height=\"800\" title=\"\" srcset=\"https:\/\/bstextract.com\/wp-content\/uploads\/2025\/05\/3-6.png 800w, https:\/\/bstextract.com\/wp-content\/uploads\/2025\/05\/3-6-300x300.png 300w, https:\/\/bstextract.com\/wp-content\/uploads\/2025\/05\/3-6-150x150.png 150w, https:\/\/bstextract.com\/wp-content\/uploads\/2025\/05\/3-6-768x768.png 768w, https:\/\/bstextract.com\/wp-content\/uploads\/2025\/05\/3-6-12x12.png 12w, https:\/\/bstextract.com\/wp-content\/uploads\/2025\/05\/3-6-600x600.png 600w, https:\/\/bstextract.com\/wp-content\/uploads\/2025\/05\/3-6-100x100.png 100w\" sizes=\"(max-width: 800px) 100vw, 800px\" \/><\/p>\n<p>Nos cosm\u00e9ticos e nos cuidados pessoais, os cristais de mentol s\u00e3o adicionados a <strong>champ\u00f4s, lo\u00e7\u00f5es, b\u00e1lsamos labiais e sabonetes<\/strong> para um efeito refrescante e revitalizante. Tamb\u00e9m s\u00e3o populares em <strong>difusores de \u00f3leos essenciais e produtos de spa<\/strong> para promover o relaxamento e o al\u00edvio respirat\u00f3rio. No sector alimentar e das bebidas, o mentol \u00e9 utilizado em pastilhas de mentol, pastilhas el\u00e1sticas, pastas de dentes e sprays orais, acrescentando sabor e frescura.<\/p>\n<h2>Perguntas mais frequentes<\/h2>\n<p><strong>Os seus cristais de mentol s\u00e3o naturais ou sint\u00e9ticos?<\/strong><br \/>\nOs nossos cristais de mentol s\u00e3o derivados de <strong>100% \u00f3leo de hortel\u00e3-pimenta natural<\/strong> atrav\u00e9s de m\u00e9todos de cristaliza\u00e7\u00e3o f\u00edsica, sem aditivos sint\u00e9ticos.<\/p>\n<p><strong>Os cristais de mentol s\u00e3o seguros para utiliza\u00e7\u00e3o na pele?<\/strong><br \/>\nSim, s\u00e3o amplamente utilizados em formula\u00e7\u00f5es t\u00f3picas. No entanto, devem ser dilu\u00eddos corretamente em \u00f3leos de base ou cremes para evitar irrita\u00e7\u00f5es.<\/p>\n<p><strong>Os cristais de mentol podem ser ingeridos?<\/strong><br \/>\nSim, os nossos cristais de mentol de qualidade alimentar s\u00e3o seguros para ingest\u00e3o em quantidades controladas e s\u00e3o normalmente utilizados em aromatizantes e produtos de higiene oral.<\/p>\n<p><strong>Qual \u00e9 a pureza t\u00edpica dos cristais de mentol?<\/strong><br \/>\nFornecemos cristais de mentol com uma pureza de <strong>\u226599%<\/strong>O produto est\u00e1 em conformidade com as normas USP, FCC e EP, dependendo dos requisitos do cliente.<\/p>\n<p><strong>Como devem ser armazenados os cristais de mentol?<\/strong><br \/>\nArmazenar num local fresco e seco, longe da luz solar direta, em recipientes fechados. Os cristais de mentol s\u00e3o vol\u00e1teis e devem ser mantidos bem fechados para manter a pot\u00eancia.<\/p>\n<p><strong>Oferecem quantidades a granel e servi\u00e7os OEM?<\/strong><br \/>\nSim, fornecemos <strong>embalagem a granel, rotulagem personalizada e solu\u00e7\u00f5es OEM\/ODM<\/strong> para satisfazer as suas necessidades de produ\u00e7\u00e3o e de marca.<\/p>\n<h2>Sobre a Xi'an Best Bio-Tech Co., Ltd.<\/h2>\n<p><strong>Xi'an Best Bio-Tech Co., Ltd.<\/strong> dedica-se \u00e0 investiga\u00e7\u00e3o, desenvolvimento e com\u00e9rcio global de extractos de ervas naturais de alta qualidade. Com uma equipa apaixonada e experiente, oferecemos apoio ao cliente 24 horas por dia, 7 dias por semana, e esfor\u00e7amo-nos por oferecer pre\u00e7os competitivos, qualidade est\u00e1vel e um servi\u00e7o atencioso a clientes em mais de 60 pa\u00edses.<\/p>\n<p>A nossa f\u00e1brica est\u00e1 localizada em Yangling, o maior centro de produ\u00e7\u00e3o e distribui\u00e7\u00e3o de extractos de plantas da China. Equipada com instrumentos de teste avan\u00e7ados e v\u00e1rias linhas de produ\u00e7\u00e3o automatizadas em conformidade com as BPF, asseguramos um controlo de qualidade rigoroso desde as mat\u00e9rias-primas at\u00e9 aos produtos finais. As nossas certifica\u00e7\u00f5es incluem <strong>Kosher, Halal, ISO9001 e USFDA<\/strong>.<\/p>\n<p>Os nossos principais produtos incluem <strong>extractos de cogumelos, ingredientes para suplementos de sa\u00fade, extractos de ervas para cosm\u00e9tica e p\u00f3s de frutas e vegetais<\/strong>. Estamos empenhados em fornecer solu\u00e7\u00f5es seguras, eficazes e personalizadas para ajudar os clientes em todo o mundo a promover uma vida saud\u00e1vel.<\/p>","protected":false},"excerpt":{"rendered":"<p>N.\u00ba CAS: 89-78-1<br \/>\nEINECS: 201-939-0<br \/>\nF\u00f3rmula molecular: C10H20O<br \/>\nO extrato de mentol \u00e9 um produto qu\u00edmico, o mentol \u00e9 extra\u00eddo das folhas e dos caules da hortel\u00e3-pimenta, cristais brancos, f\u00f3rmula molecular C10H20O, \u00e9 o principal ingrediente dos \u00f3leos essenciais de hortel\u00e3-pimenta e hortel\u00e3-verde.<\/p>","protected":false},"featured_media":967,"comment_status":"open","ping_status":"closed","template":"","meta":{"_acf_changed":false},"product_brand":[],"product_cat":[21],"product_tag":[],"class_list":{"0":"post-966","1":"product","2":"type-product","3":"status-publish","4":"has-post-thumbnail","6":"product_cat-plant-extracts","8":"first","9":"instock","10":"shipping-taxable","11":"product-type-simple"},"acf":[],"_links":{"self":[{"href":"https:\/\/bstextract.com\/pt\/wp-json\/wp\/v2\/product\/966","targetHints":{"allow":["GET"]}}],"collection":[{"href":"https:\/\/bstextract.com\/pt\/wp-json\/wp\/v2\/product"}],"about":[{"href":"https:\/\/bstextract.com\/pt\/wp-json\/wp\/v2\/types\/product"}],"replies":[{"embeddable":true,"href":"https:\/\/bstextract.com\/pt\/wp-json\/wp\/v2\/comments?post=966"}],"wp:featuredmedia":[{"embeddable":true,"href":"https:\/\/bstextract.com\/pt\/wp-json\/wp\/v2\/media\/967"}],"wp:attachment":[{"href":"https:\/\/bstextract.com\/pt\/wp-json\/wp\/v2\/media?parent=966"}],"wp:term":[{"taxonomy":"product_brand","embeddable":true,"href":"https:\/\/bstextract.com\/pt\/wp-json\/wp\/v2\/product_brand?post=966"},{"taxonomy":"product_cat","embeddable":true,"href":"https:\/\/bstextract.com\/pt\/wp-json\/wp\/v2\/product_cat?post=966"},{"taxonomy":"product_tag","embeddable":true,"href":"https:\/\/bstextract.com\/pt\/wp-json\/wp\/v2\/product_tag?post=966"}],"curies":[{"name":"wp","href":"https:\/\/api.w.org\/{rel}","templated":true}]}}