{"id":971,"date":"2025-05-19T02:26:19","date_gmt":"2025-05-19T02:26:19","guid":{"rendered":"https:\/\/bstextract.com\/?post_type=product&#038;p=971"},"modified":"2025-05-19T02:29:17","modified_gmt":"2025-05-19T02:29:17","slug":"curcumina-em-po","status":"publish","type":"product","link":"https:\/\/bstextract.com\/pt\/produto\/curcumina-em-po\/","title":{"rendered":"Curcumina em p\u00f3"},"content":{"rendered":"<p><!-- Keyword Section (Outside Article) --><\/p>\n<h2>O que \u00e9 a curcumina em p\u00f3?<\/h2>\n<p><strong>Curcumina em p\u00f3<\/strong> \u00e9 um extrato de qualidade superior obtido a partir do rizoma da curcuma (<em>Curcuma longa<\/em>), normalizado para conter <strong>95% curcumin\u00f3ides<\/strong>. Identificado pelo n\u00famero CAS. <strong>458-37-7<\/strong> e f\u00f3rmula molecular <strong>C<sub>21<\/sub>H<sub>20<\/sub>O<sub>6<\/sub><\/strong>Este p\u00f3 cor de laranja brilhante \u00e9 conhecido pela sua potente <strong>anti-inflamat\u00f3rio, antioxidante e antimicrobiano<\/strong> benef\u00edcios. \u00c9 um dos compostos naturais mais investigados utilizados na medicina tradicional \u00e0 base de plantas e nos suplementos nutricionais modernos.<\/p>\n<p>Proveniente de <strong>Extrato de raiz de curcuma<\/strong>O p\u00f3 de curcumina \u00e9 amplamente utilizado em suplementos diet\u00e9ticos, alimentos funcionais, cosm\u00e9ticos e produtos farmac\u00eauticos. \u00c9 um ingrediente bot\u00e2nico de confian\u00e7a para a sa\u00fade das articula\u00e7\u00f5es, apoio imunit\u00e1rio, desintoxica\u00e7\u00e3o e bem-estar geral. O nosso produto cumpre as normas globais e est\u00e1 dispon\u00edvel em pequenas quantidades e a granel para uso comercial e industrial.<\/p>\n<h2>Aplica\u00e7\u00f5es da curcumina em p\u00f3<\/h2>\n<p>A curcumina em p\u00f3 \u00e9 um ingrediente muito apreciado em <strong>produtos nutrac\u00eauticos, alimentos saud\u00e1veis e produtos de bem-estar<\/strong>. \u00c9 normalmente utilizado na formula\u00e7\u00e3o de <strong>c\u00e1psulas, comprimidos, c\u00e1psulas moles, p\u00f3s e misturas de ervas<\/strong> visando a inflama\u00e7\u00e3o, o cuidado das articula\u00e7\u00f5es, a sa\u00fade do f\u00edgado e a defesa antioxidante. Gra\u00e7as \u00e0 sua cor vibrante e origem natural, \u00e9 tamb\u00e9m utilizado como agente corante em <strong>aplica\u00e7\u00f5es para alimentos e bebidas<\/strong>.<\/p>\n<p><img fetchpriority=\"high\" decoding=\"async\" class=\"wp-image-978 size-full aligncenter\" title=\"Curcumina em p\u00f3\" src=\"https:\/\/bstextract.com\/wp-content\/uploads\/2025\/05\/Curcumin-Powder.webp\" alt=\"Curcumina em p\u00f3\" width=\"750\" height=\"500\" srcset=\"https:\/\/bstextract.com\/wp-content\/uploads\/2025\/05\/Curcumin-Powder.webp 750w, https:\/\/bstextract.com\/wp-content\/uploads\/2025\/05\/Curcumin-Powder-300x200.webp 300w, https:\/\/bstextract.com\/wp-content\/uploads\/2025\/05\/Curcumin-Powder-18x12.webp 18w, https:\/\/bstextract.com\/wp-content\/uploads\/2025\/05\/Curcumin-Powder-600x400.webp 600w\" sizes=\"(max-width: 750px) 100vw, 750px\" \/><\/p>\n<p>Nas formula\u00e7\u00f5es de cuidados da pele e cosm\u00e9ticos, a curcumina proporciona efeitos anti-envelhecimento e calmantes naturais, tornando-a adequada para <strong>cremes, soros e m\u00e1scaras \u00e0 base de plantas<\/strong>. Tamb\u00e9m \u00e9 utilizado em <strong>sistemas de medicina tradicional como a Ayurveda e a MTC<\/strong> pelas suas propriedades desintoxicantes e equilibradoras. Com a crescente procura de ingredientes de r\u00f3tulo limpo \u00e0 base de plantas, a curcumina em p\u00f3 continua a ser uma escolha de topo para os fabricantes de todo o mundo.<\/p>\n<h2>Perguntas mais frequentes<\/h2>\n<p><strong>Qual \u00e9 a especifica\u00e7\u00e3o do vosso p\u00f3 de curcumina?<\/strong><br \/>\nA nossa curcumina em p\u00f3 padr\u00e3o \u00e9 normalizada para <strong>95% Curcumin\u00f3ides totais<\/strong>que proporciona a m\u00e1xima pot\u00eancia e consist\u00eancia para utiliza\u00e7\u00e3o comercial.<\/p>\n<p><strong>Qual \u00e9 o aspeto do produto?<\/strong><br \/>\nAparece como um <strong>p\u00f3 fino de laranja<\/strong>extra\u00eddo e refinado da raiz de curcuma.<\/p>\n<p><strong>Que certifica\u00e7\u00f5es fornecem?<\/strong><br \/>\nOferecemos certifica\u00e7\u00f5es que incluem <strong>KOSHER, HALAL, HACCP, ISO22000, Org\u00e2nico da UE e Org\u00e2nico do USDA<\/strong>.<\/p>\n<p><strong>Como \u00e9 que o produto \u00e9 embalado?<\/strong><br \/>\nA embalagem standard inclui <strong>1kg\/saco\/caixa<\/strong> ou <strong>25 kg\/tambor ou caixa de cart\u00e3o<\/strong>. Est\u00e3o dispon\u00edveis op\u00e7\u00f5es de embalagem personalizadas mediante pedido.<\/p>\n<p><strong>Posso obter uma amostra?<\/strong><br \/>\nSim, oferecemos <strong>amostras gr\u00e1tis<\/strong> para avalia\u00e7\u00e3o da qualidade e ensaio de formula\u00e7\u00f5es.<\/p>\n<p><strong>Qual \u00e9 o prazo de validade e a recomenda\u00e7\u00e3o de armazenamento?<\/strong><br \/>\nO prazo de validade \u00e9 <strong>24 meses<\/strong> quando armazenado corretamente em recipientes estanques e resistentes \u00e0 luz. Evitar a exposi\u00e7\u00e3o direta \u00e0 luz solar, calor excessivo ou humidade.<\/p>","protected":false},"excerpt":{"rendered":"<table>\n<tbody>\n<tr>\n<td colspan=\"1\" rowspan=\"1\">\n<div>\n<div><b>Fonte<\/b><\/div>\n<\/div>\n<\/td>\n<td colspan=\"1\" rowspan=\"1\">\n<div>\n<div>Extrato de raiz de curcuma<\/div>\n<\/div>\n<\/td>\n<\/tr>\n<tr>\n<td colspan=\"1\" rowspan=\"1\">\n<div>\n<div><b>CAS NO<\/b><\/div>\n<\/div>\n<\/td>\n<td colspan=\"1\" rowspan=\"1\">\n<div>\n<div>458-37-7<\/div>\n<\/div>\n<\/td>\n<\/tr>\n<tr>\n<td colspan=\"1\" rowspan=\"1\">\n<div>\n<div><b>F\u00f3rmula molecular<\/b><\/div>\n<\/div>\n<\/td>\n<td colspan=\"1\" rowspan=\"1\">\n<div>\n<div>C21H20O6<\/div>\n<\/div>\n<\/td>\n<\/tr>\n<tr>\n<td colspan=\"1\" rowspan=\"1\">\n<div>\n<div><b>Apar\u00eancia<\/b><\/div>\n<\/div>\n<\/td>\n<td colspan=\"1\" rowspan=\"1\">\n<div>\n<div>Laranja em p\u00f3<\/div>\n<\/div>\n<\/td>\n<\/tr>\n<tr>\n<td colspan=\"1\" rowspan=\"1\">\n<div>\n<div><b>Especifica\u00e7\u00e3o do produto<\/b><\/div>\n<\/div>\n<\/td>\n<td colspan=\"1\" rowspan=\"1\">\n<div>\n<div>95%<\/div>\n<\/div>\n<\/td>\n<\/tr>\n<\/tbody>\n<\/table>","protected":false},"featured_media":972,"comment_status":"open","ping_status":"closed","template":"","meta":{"_acf_changed":false},"product_brand":[],"product_cat":[21],"product_tag":[],"class_list":{"0":"post-971","1":"product","2":"type-product","3":"status-publish","4":"has-post-thumbnail","6":"product_cat-plant-extracts","8":"first","9":"instock","10":"shipping-taxable","11":"product-type-simple"},"acf":[],"_links":{"self":[{"href":"https:\/\/bstextract.com\/pt\/wp-json\/wp\/v2\/product\/971","targetHints":{"allow":["GET"]}}],"collection":[{"href":"https:\/\/bstextract.com\/pt\/wp-json\/wp\/v2\/product"}],"about":[{"href":"https:\/\/bstextract.com\/pt\/wp-json\/wp\/v2\/types\/product"}],"replies":[{"embeddable":true,"href":"https:\/\/bstextract.com\/pt\/wp-json\/wp\/v2\/comments?post=971"}],"wp:featuredmedia":[{"embeddable":true,"href":"https:\/\/bstextract.com\/pt\/wp-json\/wp\/v2\/media\/972"}],"wp:attachment":[{"href":"https:\/\/bstextract.com\/pt\/wp-json\/wp\/v2\/media?parent=971"}],"wp:term":[{"taxonomy":"product_brand","embeddable":true,"href":"https:\/\/bstextract.com\/pt\/wp-json\/wp\/v2\/product_brand?post=971"},{"taxonomy":"product_cat","embeddable":true,"href":"https:\/\/bstextract.com\/pt\/wp-json\/wp\/v2\/product_cat?post=971"},{"taxonomy":"product_tag","embeddable":true,"href":"https:\/\/bstextract.com\/pt\/wp-json\/wp\/v2\/product_tag?post=971"}],"curies":[{"name":"wp","href":"https:\/\/api.w.org\/{rel}","templated":true}]}}